{"id":8997,"date":"2026-05-13T10:15:37","date_gmt":"2026-05-13T03:15:37","guid":{"rendered":"https:\/\/matquocte.vn\/?page_id=8997"},"modified":"2026-05-13T12:19:02","modified_gmt":"2026-05-13T05:19:02","slug":"dnd-danh-sach-nguoi-thuc-hanh-kham-benh-chua-benh-tai-benh-vien","status":"publish","type":"page","link":"https:\/\/matquocte.vn\/en\/tieng-viet-dnd-danh-sach-nguoi-thuc-hanh-kham-benh-chua-benh-tai-benh-vien\/","title":{"rendered":"(Ti\u1ebfng Vi\u1ec7t) DND &#8211; Danh s\u00e1ch ng\u01b0\u1eddi th\u1ef1c h\u00e0nh kh\u00e1m b\u1ec7nh ch\u1eefa b\u1ec7nh t\u1ea1i b\u1ec7nh vi\u1ec7n M\u1eaft Qu\u1ed1c t\u1ebf DND, th\u00e1ng 5-2026."},"content":{"rendered":"<p class=\"qtranxs-available-languages-message qtranxs-available-languages-message-en\">Sorry, this entry is only available in <a href=\"https:\/\/matquocte.vn\/vi\/wp-json\/wp\/v2\/pages\/8997\" class=\"qtranxs-available-language-link qtranxs-available-language-link-vi\" title=\"Ti\u1ebfng Vi\u1ec7t\">Ti\u1ebfng Vi\u1ec7t<\/a>. For the sake of viewer convenience, the content is shown below in the alternative language. You may click the link to switch the active language.<\/p><p><\/p>\n<section class=\"entry-content the_style_content\">\n<p>C\u0103n c\u1ee9 Lu\u1eadt Kh\u00e1m b\u1ec7nh, ch\u1eefa b\u1ec7nh s\u1ed1 15\/2023\/QH15 ng\u00e0y 09\/01\/2023;<br \/>\nC\u0103n c\u1ee9 ngh\u1ecb \u0111\u1ecbnh s\u1ed1 96\/2023\/N\u0110-CP ng\u00e0y 30\/12\/2023 c\u1ee7a Ch\u00ednh ph\u1ee7 quy \u0111\u1ecbnh ch\u1ec9 ti\u1ebft m\u1ed9t s\u1ed1 \u0111i\u1ec1u c\u1ee7a Lu\u1eadt Kh\u00e1m b\u1ec7nh, ch\u1eefa b\u1ec7nh;<br \/>\nC\u0103n c\u1ee9 B\u1ea3n c\u00f4ng b\u1ed1 s\u1ed1 05\/BCB-DND ng\u00e0y 10\/03\/2026 c\u1ee7a B\u1ec7nh vi\u1ec7n CK M\u1eaft Qu\u1ed1c t\u1ebf DND v\u1ec1 vi\u1ec7c c\u01a1 s\u1edf kh\u00e1m b\u1ec7nh, ch\u1eefa b\u1ec7nh \u0111\u00e1p \u1ee9ng y\u00eau c\u1ea7u l\u00e0 c\u01a1 s\u1edf h\u01b0\u1edbng d\u1eabn th\u1ef1c h\u00e0nh;<br \/>\nC\u0103n c\u1ee9 c\u00f4ng v\u0103n s\u1ed1 1428\/SYT-NVY ng\u00e0y 01\/04\/2025 v\u1ec1 vi\u1ec7c t\u1ed5 ch\u1ee9c c\u01a1 s\u1edf th\u1ef1c h\u00e0nh kh\u00e1m ch\u1eefa b\u1ec7nh theo quy \u0111\u1ecbnh t\u1ea1i ngh\u1ecb \u0111\u1ecbnh 96\/2023\/N\u0110-CP ng\u00e0y 30\/12\/2023 c\u1ee7a S\u1edf Y t\u1ebfH\u00e0 N\u1ed9i;<br \/>\n\u0110\u1ec3 \u0111\u1ea3m b\u1ea3o th\u1ef1c hi\u1ec7n \u0111\u00fang Ngh\u1ecb \u0111\u1ecbnh s\u1ed1 96\/2023\/N\u0110-CP ng\u00e0y 30\/12\/2023, B\u1ec7nh vi\u1ec7n CK M\u1eaft Qu\u1ed1c t\u1ebf DND b\u00e1o c\u00e1o danh s\u00e1ch ng\u01b0\u1eddi \u0111\u0103ng k\u00fd th\u1ef1c h\u00e0nh kh\u00e1m b\u1ec7nh, ch\u1eefa b\u1ec7nh t\u1ea1i B\u1ec7nh vi\u1ec7n theo danh s\u00e1ch \u0111\u00ednh k\u00e8m.<br \/>\nXin tr\u00e2n tr\u1ecdng c\u1ea3m \u01a1n!<\/p>\n<p><strong>DANH S\u00c1CH<\/strong><br \/>\n<strong>Ng\u01b0\u1eddi th\u1ef1c h\u00e0nh kh\u00e1m b\u1ec7nh, ch\u1eefa b\u1ec7nh<\/strong><br \/>\n(K\u00e8m b\u00e1o c\u00e1o s\u1ed1: 130\/YTQT ng\u00e0y 09\/05\/2026)<br \/>\n1. T\u00ean c\u01a1 s\u1edf h\u01b0\u1edbng d\u1eabn th\u1ef1c h\u00e0nh kh\u00e1m b\u1ec7nh, ch\u1eefa b\u1ec7nh: B\u1ec7nh vi\u1ec7n CK M\u1eaft Qu\u1ed1c t\u1ebf DND<br \/>\n2. \u0110\u1ecba ch\u1ec9: S\u1ed1 128 B\u00f9i Th\u1ecb Xu\u00e2n, ph\u01b0\u1eddng Hai B\u00e0 Tr\u01b0ng, th\u00e0nh ph\u1ed1 H\u00e0 N\u1ed9i<br \/>\n3. Danh s\u00e1ch ng\u01b0\u1eddi th\u1ef1c h\u00e0nh kh\u00e1m b\u1ec7nh, ch\u1eefa b\u1ec7nh<\/p>\n<table class=\"table\">\n<tbody>\n<tr>\n<td>STT<\/td>\n<td>H\u1ecd v\u00e0 t\u00ean<\/td>\n<td>Th\u1eddi gian \u0111\u0103ng k\u00fd th\u1ef1c h\u00e0nh t\u1ea1i c\u01a1 s\u1edf th\u1ef1c h\u00e0nh<\/td>\n<\/tr>\n<tr>\n<td>1<\/td>\n<td>L\u00ea Th\u1ecb Giang<\/td>\n<td>11\/05\/2026-10\/10\/2026<\/td>\n<\/tr>\n<tr>\n<td>2<\/td>\n<td>Nguy\u1ec5n Th\u1ecb Chi<\/td>\n<td>11\/05\/2026-10\/10\/2026<\/td>\n<\/tr>\n<tr>\n<td>3<\/td>\n<td>Ho\u00e0ng Nh\u1eadt H\u1ea1<\/td>\n<td>11\/05\/2026-10\/10\/2026<\/td>\n<\/tr>\n<tr>\n<td>4<\/td>\n<td>Nguy\u1ec5n Th\u1ecb \u0110\u1ee9c<\/td>\n<td>11\/05\/2026-10\/10\/2026<\/td>\n<\/tr>\n<tr>\n<td>5<\/td>\n<td>Nguy\u1ec5n Thu Ph\u01b0\u01a1ng<\/td>\n<td>11\/05\/2026-10\/10\/2026<\/td>\n<\/tr>\n<\/tbody>\n<\/table>\n<p><a href=\"https:\/\/matquocte.vn\/wp-content\/uploads\/2026\/05\/2026.05-Bao-cao-danh-sach-nguoi-dang-ky-thuc-hanh-kham-benh-chua-benh.pdf\">2026.05 B\u00e1o c\u00e1o danh s\u00e1ch ng\u01b0\u1eddi \u0111\u0103ng k\u00fd th\u1ef1c h\u00e0nh kh\u00e1m b\u1ec7nh, ch\u1eefa b\u1ec7nh<\/a><\/p>\n<\/section>\n<p><\/p>","protected":false},"excerpt":{"rendered":"<p>Sorry, this entry is only available in Ti\u1ebfng Vi\u1ec7t. For the sake of viewer convenience, the content is shown below in the alternative language. You may click the link to switch the active language. C\u0103n c\u1ee9 Lu\u1eadt Kh\u00e1m b\u1ec7nh, ch\u1eefa b\u1ec7nh s\u1ed1 15\/2023\/QH15 ng\u00e0y 09\/01\/2023; C\u0103n c\u1ee9 ngh\u1ecb \u0111\u1ecbnh s\u1ed1 96\/2023\/N\u0110-CP ng\u00e0y 30\/12\/2023 c\u1ee7a Ch\u00ednh [&hellip;]<\/p>\n","protected":false},"author":1,"featured_media":0,"parent":0,"menu_order":0,"comment_status":"closed","ping_status":"closed","template":"tpl-chinhsach.php","meta":{"footnotes":""},"class_list":["post-8997","page","type-page","status-publish","hentry"],"_links":{"self":[{"href":"https:\/\/matquocte.vn\/en\/wp-json\/wp\/v2\/pages\/8997","targetHints":{"allow":["GET"]}}],"collection":[{"href":"https:\/\/matquocte.vn\/en\/wp-json\/wp\/v2\/pages"}],"about":[{"href":"https:\/\/matquocte.vn\/en\/wp-json\/wp\/v2\/types\/page"}],"author":[{"embeddable":true,"href":"https:\/\/matquocte.vn\/en\/wp-json\/wp\/v2\/users\/1"}],"replies":[{"embeddable":true,"href":"https:\/\/matquocte.vn\/en\/wp-json\/wp\/v2\/comments?post=8997"}],"version-history":[{"count":0,"href":"https:\/\/matquocte.vn\/en\/wp-json\/wp\/v2\/pages\/8997\/revisions"}],"wp:attachment":[{"href":"https:\/\/matquocte.vn\/en\/wp-json\/wp\/v2\/media?parent=8997"}],"curies":[{"name":"wp","href":"https:\/\/api.w.org\/{rel}","templated":true}]}}