{"id":3514,"date":"2019-07-17T17:45:59","date_gmt":"2019-07-17T10:45:59","guid":{"rendered":"http:\/\/matquocte.vn\/?page_id=3514"},"modified":"2019-07-17T17:45:59","modified_gmt":"2019-07-17T10:45:59","slug":"maintenance","status":"publish","type":"page","link":"https:\/\/matquocte.vn\/en\/tieng-viet-maintenance\/","title":{"rendered":"(Ti\u1ebfng Vi\u1ec7t) Maintenance"},"content":{"rendered":"<p class=\"qtranxs-available-languages-message qtranxs-available-languages-message-en\">Sorry, this entry is only available in <a href=\"https:\/\/matquocte.vn\/vi\/wp-json\/wp\/v2\/pages\/3514\" class=\"qtranxs-available-language-link qtranxs-available-language-link-vi\" title=\"Ti\u1ebfng Vi\u1ec7t\">Ti\u1ebfng Vi\u1ec7t<\/a>. For the sake of viewer convenience, the content is shown below in the alternative language. You may click the link to switch the active language.<\/p><p><\/p>\n<p>Trang web \u0111ang \u0111\u01b0\u1ee3c b\u1ea3o tr\u00ec, mong qu\u00fd kh\u00e1ch th\u00f4ng c\u1ea3m!<\/p>\n<p><\/p>","protected":false},"excerpt":{"rendered":"<p>Sorry, this entry is only available in Ti\u1ebfng Vi\u1ec7t. For the sake of viewer convenience, the content is shown below in the alternative language. You may click the link to switch the active language. Trang web \u0111ang \u0111\u01b0\u1ee3c b\u1ea3o tr\u00ec, mong qu\u00fd kh\u00e1ch th\u00f4ng c\u1ea3m!<\/p>\n","protected":false},"author":1,"featured_media":0,"parent":0,"menu_order":2,"comment_status":"closed","ping_status":"closed","template":"","meta":{"footnotes":""},"class_list":["post-3514","page","type-page","status-publish","hentry"],"_links":{"self":[{"href":"https:\/\/matquocte.vn\/en\/wp-json\/wp\/v2\/pages\/3514","targetHints":{"allow":["GET"]}}],"collection":[{"href":"https:\/\/matquocte.vn\/en\/wp-json\/wp\/v2\/pages"}],"about":[{"href":"https:\/\/matquocte.vn\/en\/wp-json\/wp\/v2\/types\/page"}],"author":[{"embeddable":true,"href":"https:\/\/matquocte.vn\/en\/wp-json\/wp\/v2\/users\/1"}],"replies":[{"embeddable":true,"href":"https:\/\/matquocte.vn\/en\/wp-json\/wp\/v2\/comments?post=3514"}],"version-history":[{"count":0,"href":"https:\/\/matquocte.vn\/en\/wp-json\/wp\/v2\/pages\/3514\/revisions"}],"wp:attachment":[{"href":"https:\/\/matquocte.vn\/en\/wp-json\/wp\/v2\/media?parent=3514"}],"curies":[{"name":"wp","href":"https:\/\/api.w.org\/{rel}","templated":true}]}}