{"id":3075,"date":"2018-12-29T11:04:14","date_gmt":"2018-12-29T04:04:14","guid":{"rendered":"http:\/\/matquocte.vn\/?page_id=3075"},"modified":"2023-07-19T15:53:31","modified_gmt":"2023-07-19T08:53:31","slug":"thu-vien","status":"publish","type":"page","link":"https:\/\/matquocte.vn\/en\/library\/","title":{"rendered":"Library"},"content":{"rendered":"<p class=\"qtranxs-available-languages-message qtranxs-available-languages-message-en\">Sorry, this entry is only available in <a href=\"https:\/\/matquocte.vn\/vi\/wp-json\/wp\/v2\/pages\/3075\" class=\"qtranxs-available-language-link qtranxs-available-language-link-vi\" title=\"Ti\u1ebfng Vi\u1ec7t\">Ti\u1ebfng Vi\u1ec7t<\/a>. For the sake of viewer convenience, the content is shown below in the alternative language. You may click the link to switch the active language.<\/p><p><\/p>\n<div class=\"panel panel-info\">\n<div class=\"panel-heading\">B\u1ec6NH VI\u1ec6N M\u1eaeT QU\u1ed0C T\u1ebe DND<\/div>\n<div class=\"panel-body\" style=\"text-align: left;\">\n<article class=\"lienhe\">\n<div class=\"col-xs-12\"><span class=\"contact-content bigaddress\"><br \/>\n<b>Th\u00f4ng tin \u0111ang \u0111\u01b0\u1ee3c c\u1eadp nh\u1eadt!<\/b><\/span>\n<\/div>\n<\/article>\n<\/div>\n<\/div>\n<div class=\"row\"><iframe loading=\"lazy\" style=\"border: 0;\" src=\"https:\/\/www.google.com\/maps\/embed?pb=!1m14!1m8!1m3!1d3724.4908029016187!2d105.849977!3d21.013039!3m2!1i1024!2i768!4f13.1!3m3!1m2!1s0x3135ab8b7e98f9e3%3A0xa70413b36bdcb2a2!2zQuG7h25oIFZp4buHbiBN4bqvdCBRdeG7kWMgVOG6vyBEbmQ!5e0!3m2!1sen!2s!4v1430622046266\" width=\"100%\" height=\"357\" frameborder=\"0\"><\/iframe><\/div>\n<p><\/p>","protected":false},"excerpt":{"rendered":"<p>Sorry, this entry is only available in Ti\u1ebfng Vi\u1ec7t. For the sake of viewer convenience, the content is shown below in the alternative language. You may click the link to switch the active language. B\u1ec6NH VI\u1ec6N M\u1eaeT QU\u1ed0C T\u1ebe DND Th\u00f4ng tin \u0111ang \u0111\u01b0\u1ee3c c\u1eadp nh\u1eadt!<\/p>\n","protected":false},"author":1,"featured_media":0,"parent":0,"menu_order":3,"comment_status":"closed","ping_status":"closed","template":"tpl-lienhe.php","meta":{"footnotes":""},"class_list":["post-3075","page","type-page","status-publish","hentry"],"_links":{"self":[{"href":"https:\/\/matquocte.vn\/en\/wp-json\/wp\/v2\/pages\/3075","targetHints":{"allow":["GET"]}}],"collection":[{"href":"https:\/\/matquocte.vn\/en\/wp-json\/wp\/v2\/pages"}],"about":[{"href":"https:\/\/matquocte.vn\/en\/wp-json\/wp\/v2\/types\/page"}],"author":[{"embeddable":true,"href":"https:\/\/matquocte.vn\/en\/wp-json\/wp\/v2\/users\/1"}],"replies":[{"embeddable":true,"href":"https:\/\/matquocte.vn\/en\/wp-json\/wp\/v2\/comments?post=3075"}],"version-history":[{"count":0,"href":"https:\/\/matquocte.vn\/en\/wp-json\/wp\/v2\/pages\/3075\/revisions"}],"wp:attachment":[{"href":"https:\/\/matquocte.vn\/en\/wp-json\/wp\/v2\/media?parent=3075"}],"curies":[{"name":"wp","href":"https:\/\/api.w.org\/{rel}","templated":true}]}}